{"id":876,"date":"2025-08-24T08:39:37","date_gmt":"2025-08-24T08:39:37","guid":{"rendered":"https:\/\/ostlingtraining.co.uk\/?page_id=876"},"modified":"2025-08-29T13:46:57","modified_gmt":"2025-08-29T13:46:57","slug":"supervision-skills-for-managers","status":"publish","type":"page","link":"https:\/\/ostlingtraining.co.uk\/fr\/supervision-skills-for-managers\/","title":{"rendered":"Comp\u00e9tences de supervision pour les managers"},"content":{"rendered":"<div data-elementor-type=\"wp-page\" data-elementor-id=\"876\" class=\"elementor elementor-876\">\n\t\t\t\t<div class=\"elementor-element elementor-element-7069071 e-flex e-con-boxed e-con e-parent\" data-id=\"7069071\" data-element_type=\"container\">\n\t\t\t\t\t<div class=\"e-con-inner\">\n\t\t\t\t<div class=\"elementor-element elementor-element-8a9df59 elementor-widget__width-initial elementor-widget-mobile__width-initial elementor-widget elementor-widget-heading\" data-id=\"8a9df59\" data-element_type=\"widget\" data-widget_type=\"heading.default\">\n\t\t\t\t\t<h2 class=\"elementor-heading-title elementor-size-default\">Comp\u00e9tences de supervision pour les managers<\/h2>\t\t\t\t<\/div>\n\t\t\t\t\t<\/div>\n\t\t\t\t<\/div>\n\t\t<div class=\"elementor-element elementor-element-a765183 e-flex e-con-boxed e-con e-parent\" data-id=\"a765183\" data-element_type=\"container\">\n\t\t\t\t\t<div class=\"e-con-inner\">\n\t\t<div class=\"elementor-element elementor-element-e2d745f e-con-full elementor-hidden-tablet elementor-hidden-mobile e-flex e-con e-child\" data-id=\"e2d745f\" data-element_type=\"container\">\n\t\t\t\t<div class=\"elementor-element elementor-element-8da9f6f elementor-widget elementor-widget-image\" data-id=\"8da9f6f\" data-element_type=\"widget\" data-widget_type=\"image.default\">\n\t\t\t\t\t\t\t\t\t\t\t\t\t\t\t<img fetchpriority=\"high\" decoding=\"async\" width=\"1024\" height=\"683\" src=\"https:\/\/ostlingtraining.co.uk\/wp-content\/uploads\/2025\/08\/pexels-mart-production-7550532-1024x683.jpg\" class=\"attachment-large size-large wp-image-1145\" alt=\"\" srcset=\"https:\/\/ostlingtraining.co.uk\/wp-content\/uploads\/2025\/08\/pexels-mart-production-7550532-1024x683.jpg 1024w, https:\/\/ostlingtraining.co.uk\/wp-content\/uploads\/2025\/08\/pexels-mart-production-7550532-300x200.jpg 300w, https:\/\/ostlingtraining.co.uk\/wp-content\/uploads\/2025\/08\/pexels-mart-production-7550532-768x512.jpg 768w, https:\/\/ostlingtraining.co.uk\/wp-content\/uploads\/2025\/08\/pexels-mart-production-7550532-1536x1024.jpg 1536w, https:\/\/ostlingtraining.co.uk\/wp-content\/uploads\/2025\/08\/pexels-mart-production-7550532-2048x1365.jpg 2048w\" sizes=\"(max-width: 1024px) 100vw, 1024px\" \/>\t\t\t\t\t\t\t\t\t\t\t\t\t\t\t<\/div>\n\t\t\t\t<\/div>\n\t\t<div class=\"elementor-element elementor-element-d1e0572 e-con-full e-flex e-con e-child\" data-id=\"d1e0572\" data-element_type=\"container\">\n\t\t<div class=\"elementor-element elementor-element-745d8cb e-con-full e-flex e-con e-child\" data-id=\"745d8cb\" data-element_type=\"container\">\n\t\t\t\t<div class=\"elementor-element elementor-element-691d5e3 elementor-widget elementor-widget-heading\" data-id=\"691d5e3\" data-element_type=\"widget\" data-widget_type=\"heading.default\">\n\t\t\t\t\t<h2 class=\"elementor-heading-title elementor-size-default\">Pr\u00e9sentation du cours<\/h2>\t\t\t\t<\/div>\n\t\t\t\t<div class=\"elementor-element elementor-element-33ed6c5 elementor-widget elementor-widget-text-editor\" data-id=\"33ed6c5\" data-element_type=\"widget\" data-widget_type=\"text-editor.default\">\n\t\t\t\t\t\t\t\t\t<p>Un manager efficace doit savoir diriger et motiver son \u00e9quipe, donner l\u2019exemple par des comportements prosociaux, observer et \u00e9valuer les pratiques professionnelles, et offrir des retours constructifs et motivants. Dans ce cours, nous mettrons ces comp\u00e9tences en pratique et montrerons aux managers comment les utiliser pour d\u00e9velopper et accompagner leurs \u00e9quipes.<\/p>\t\t\t\t\t\t\t\t<\/div>\n\t\t<div class=\"elementor-element elementor-element-5ea3480 e-con-full e-flex e-con e-child\" data-id=\"5ea3480\" data-element_type=\"container\">\n\t\t<div class=\"elementor-element elementor-element-8b8765c e-con-full e-flex e-con e-child\" data-id=\"8b8765c\" data-element_type=\"container\">\n\t\t\t\t<div class=\"elementor-element elementor-element-905ad68 elementor-widget elementor-widget-text-editor\" data-id=\"905ad68\" data-element_type=\"widget\" data-widget_type=\"text-editor.default\">\n\t\t\t\t\t\t\t\t\t<p>Dur\u00e9e du cours : 2 jours<\/p>\t\t\t\t\t\t\t\t<\/div>\n\t\t\t\t<\/div>\n\t\t<div class=\"elementor-element elementor-element-ea8461e e-con-full e-flex e-con e-child\" data-id=\"ea8461e\" data-element_type=\"container\">\n\t\t\t\t<div class=\"elementor-element elementor-element-877cc7f elementor-widget elementor-widget-text-editor\" data-id=\"877cc7f\" data-element_type=\"widget\" data-widget_type=\"text-editor.default\">\n\t\t\t\t\t\t\t\t\t<p><span class=\"chip\">En ligne et en pr\u00e9sentiel<\/span><\/p>\t\t\t\t\t\t\t\t<\/div>\n\t\t\t\t<\/div>\n\t\t<div class=\"elementor-element elementor-element-a88feb8 e-con-full e-flex e-con e-child\" data-id=\"a88feb8\" data-element_type=\"container\">\n\t\t\t\t<div class=\"elementor-element elementor-element-40ef58d elementor-widget elementor-widget-text-editor\" data-id=\"40ef58d\" data-element_type=\"widget\" data-widget_type=\"text-editor.default\">\n\t\t\t\t\t\t\t\t\t<section class=\"card\" aria-labelledby=\"details-h\"><div class=\"chips\"><span class=\"chip\">Participants maximum : 16<\/span><\/div><\/section><section class=\"card\" aria-labelledby=\"lo-h\"><\/section>\t\t\t\t\t\t\t\t<\/div>\n\t\t\t\t<\/div>\n\t\t\t\t<\/div>\n\t\t\t\t<\/div>\n\t\t\t\t<\/div>\n\t\t\t\t\t<\/div>\n\t\t\t\t<\/div>\n\t\t<div class=\"elementor-element elementor-element-64659a7 e-flex e-con-boxed e-con e-parent\" data-id=\"64659a7\" data-element_type=\"container\">\n\t\t\t\t\t<div class=\"e-con-inner\">\n\t\t<div class=\"elementor-element elementor-element-efc344b e-con-full e-flex e-con e-child\" data-id=\"efc344b\" data-element_type=\"container\" data-settings=\"{&quot;background_background&quot;:&quot;classic&quot;}\">\n\t\t<div class=\"elementor-element elementor-element-eef195a e-flex e-con-boxed e-con e-child\" data-id=\"eef195a\" data-element_type=\"container\">\n\t\t\t\t\t<div class=\"e-con-inner\">\n\t\t\t\t<div class=\"elementor-element elementor-element-7d9884f elementor-widget elementor-widget-heading\" data-id=\"7d9884f\" data-element_type=\"widget\" data-widget_type=\"heading.default\">\n\t\t\t\t\t<h2 class=\"elementor-heading-title elementor-size-default\">Objectifs d\u2019apprentissage<\/h2>\t\t\t\t<\/div>\n\t\t\t\t\t<\/div>\n\t\t\t\t<\/div>\n\t\t\t\t<div class=\"elementor-element elementor-element-9d5e101 elementor-widget elementor-widget-text-editor\" data-id=\"9d5e101\" data-element_type=\"widget\" data-widget_type=\"text-editor.default\">\n\t\t\t\t\t\t\t\t\t<p>Comprendre la finalit\u00e9 de la supervision et ses b\u00e9n\u00e9fices potentiels pour les cadres et le personnel en vue de d\u00e9velopper une pratique efficace et r\u00e9fl\u00e9chie<br \/>pratique en pleine conscience<br \/>D\u00e9crire diff\u00e9rents mod\u00e8les de supervision et de d\u00e9veloppement, et expliquer leur application dans la pratique<br \/>Comprendre leur r\u00f4le en tant que moteurs et facilitateurs de l\u2019apprentissage, ainsi que les comp\u00e9tences \u00e0 mettre en \u0153uvre avec leurs collaborateurs, en s\u2019appuyant sur un mod\u00e8le th\u00e9orique d\u2019apprentissage et de d\u00e9veloppement<br \/>les supervis\u00e9s, en utilisant un mod\u00e8le th\u00e9orique d\u2019apprentissage et de d\u00e9veloppement<br \/>D\u00e9crire les diff\u00e9rentes \u00e9tapes du processus de supervision et d\u00e9velopper des relations de supervision efficaces<\/p>\t\t\t\t\t\t\t\t<\/div>\n\t\t\t\t<\/div>\n\t\t\t\t\t<\/div>\n\t\t\t\t<\/div>\n\t\t<div class=\"elementor-element elementor-element-05999d4 e-flex e-con-boxed e-con e-parent\" data-id=\"05999d4\" data-element_type=\"container\">\n\t\t\t\t\t<div class=\"e-con-inner\">\n\t\t<div class=\"elementor-element elementor-element-b63b14f e-con-full e-flex e-con e-child\" data-id=\"b63b14f\" data-element_type=\"container\" data-settings=\"{&quot;background_background&quot;:&quot;classic&quot;}\">\n\t\t<div class=\"elementor-element elementor-element-56237bc e-flex e-con-boxed e-con e-child\" data-id=\"56237bc\" data-element_type=\"container\">\n\t\t\t\t\t<div class=\"e-con-inner\">\n\t\t\t\t<div class=\"elementor-element elementor-element-d602f06 elementor-widget elementor-widget-heading\" data-id=\"d602f06\" data-element_type=\"widget\" data-widget_type=\"heading.default\">\n\t\t\t\t\t<h2 class=\"elementor-heading-title elementor-size-default\">\u00c0 propos du cours<\/h2>\t\t\t\t<\/div>\n\t\t\t\t\t<\/div>\n\t\t\t\t<\/div>\n\t\t\t\t<div class=\"elementor-element elementor-element-6a5131d elementor-widget elementor-widget-text-editor\" data-id=\"6a5131d\" data-element_type=\"widget\" data-widget_type=\"text-editor.default\">\n\t\t\t\t\t\t\t\t\t<p>L\u2019exp\u00e9rience a montr\u00e9 l\u2019importance des cadres dans l\u2019adoption r\u00e9ussie de pratiques efficaces. En effet, le r\u00f4le du manager est essentiel au d\u00e9veloppement d\u2019\u00e9quipes performantes. Nous avons \u00e9galement constat\u00e9 que les managers efficaces utilisent avec leurs \u00e9quipes les m\u00eames comp\u00e9tences qu\u2019un conseiller exp\u00e9riment\u00e9 avec les personnes qu\u2019il accompagne : relation collaborative et de confiance, mod\u00e9lisation prosociale, r\u00e9solution de probl\u00e8mes et comp\u00e9tences de motivation. Ce cours fait appel \u00e0 des approches de formation, de mod\u00e9lisation et de coaching que les participants pourront utiliser avec leurs \u00e9quipes.<\/p>\t\t\t\t\t\t\t\t<\/div>\n\t\t\t\t<div class=\"elementor-element elementor-element-94096c4 elementor-widget elementor-widget-text-editor\" data-id=\"94096c4\" data-element_type=\"widget\" data-widget_type=\"text-editor.default\">\n\t\t\t\t\t\t\t\t\t<p>De plus, nous avons constat\u00e9 que le leadership, une supervision de qualit\u00e9 et le coaching am\u00e9liorent l\u2019efficacit\u00e9 d\u2019un manager. Enfin, nous aborderons le d\u00e9veloppement professionnel continu \u00e0 travers des telles que l\u2019observation de la pratique, le retour constructif et l\u2019apprentissage par les pairs.<\/p>\t\t\t\t\t\t\t\t<\/div>\n\t\t\t\t<div class=\"elementor-element elementor-element-c31e7cd elementor-widget elementor-widget-text-editor\" data-id=\"c31e7cd\" data-element_type=\"widget\" data-widget_type=\"text-editor.default\">\n\t\t\t\t\t\t\t\t\t<p>Cette formation aidera les managers \u00e0 cr\u00e9er un environnement d\u2019apprentissage au sein des \u00e9quipes, leur permettant ainsi de d\u00e9velopper pleinement leurs comp\u00e9tences et de r\u00e9aliser leur potentiel.<\/p>\t\t\t\t\t\t\t\t<\/div>\n\t\t\t\t<\/div>\n\t\t\t\t\t<\/div>\n\t\t\t\t<\/div>\n\t\t<div class=\"elementor-element elementor-element-914a385 e-flex e-con-boxed e-con e-parent\" data-id=\"914a385\" data-element_type=\"container\">\n\t\t\t\t\t<div class=\"e-con-inner\">\n\t\t<div class=\"elementor-element elementor-element-f33c09f e-con-full e-flex e-con e-child\" data-id=\"f33c09f\" data-element_type=\"container\" data-settings=\"{&quot;background_background&quot;:&quot;classic&quot;}\">\n\t\t\t\t<div class=\"elementor-element elementor-element-c784314 elementor-widget elementor-widget-heading\" data-id=\"c784314\" data-element_type=\"widget\" data-widget_type=\"heading.default\">\n\t\t\t\t\t<h2 class=\"elementor-heading-title elementor-size-default\">Pr\u00eat \u00e0 int\u00e9grer les comp\u00e9tences de supervision pour les managers dans votre pratique professionnelle ?\n<\/h2>\t\t\t\t<\/div>\n\t\t\t\t<div class=\"elementor-element elementor-element-133f684 elementor-widget elementor-widget-text-editor\" data-id=\"133f684\" data-element_type=\"widget\" data-widget_type=\"text-editor.default\">\n\t\t\t\t\t\t\t\t\t<p data-start=\"176\" data-end=\"380\">Que vous souhaitiez discuter d\u2019une formation personnalis\u00e9e, poser des questions, ou explorer comment ces m\u00e9thodes peuvent b\u00e9n\u00e9ficier \u00e0 votre \u00e9quipe, n\u2019h\u00e9sitez pas \u00e0 nous contacter.<\/p><p data-start=\"382\" data-end=\"485\">\u00a0<\/p>\t\t\t\t\t\t\t\t<\/div>\n\t\t\t\t<div class=\"elementor-element elementor-element-f1aff24 elementor-align-center elementor-widget elementor-widget-button\" data-id=\"f1aff24\" data-element_type=\"widget\" data-widget_type=\"button.default\">\n\t\t\t\t\t\t\t\t\t\t<a class=\"elementor-button elementor-button-link elementor-size-sm\" href=\"https:\/\/ostlingtraining.co.uk\/fr\/contact-us\/\" target=\"_blank\" rel=\"nofollow\">\n\t\t\t\t\t\t<span class=\"elementor-button-content-wrapper\">\n\t\t\t\t\t\t\t\t\t<span class=\"elementor-button-text\">Contactez-nous<\/span>\n\t\t\t\t\t<\/span>\n\t\t\t\t\t<\/a>\n\t\t\t\t\t\t\t\t<\/div>\n\t\t\t\t<\/div>\n\t\t\t\t\t<\/div>\n\t\t\t\t<\/div>\n\t\t\t\t<\/div>","protected":false},"excerpt":{"rendered":"<p>Supervision Skills for Managers Course overview An effective manager needs to know how lead and motivate their team, to model [&hellip;]<\/p>","protected":false},"author":1,"featured_media":0,"parent":0,"menu_order":0,"comment_status":"closed","ping_status":"closed","template":"elementor_header_footer","meta":{"site-sidebar-layout":"no-sidebar","site-content-layout":"","ast-site-content-layout":"full-width-container","site-content-style":"default","site-sidebar-style":"default","ast-global-header-display":"","ast-banner-title-visibility":"","ast-main-header-display":"","ast-hfb-above-header-display":"","ast-hfb-below-header-display":"","ast-hfb-mobile-header-display":"","site-post-title":"","ast-breadcrumbs-content":"","ast-featured-img":"disabled","footer-sml-layout":"","theme-transparent-header-meta":"","adv-header-id-meta":"","stick-header-meta":"","header-above-stick-meta":"","header-main-stick-meta":"","header-below-stick-meta":"","astra-migrate-meta-layouts":"default","ast-page-background-enabled":"default","ast-page-background-meta":{"desktop":{"background-color":"var(--ast-global-color-5)","background-image":"","background-repeat":"repeat","background-position":"center center","background-size":"auto","background-attachment":"scroll","background-type":"","background-media":"","overlay-type":"","overlay-color":"","overlay-opacity":"","overlay-gradient":""},"tablet":{"background-color":"","background-image":"","background-repeat":"repeat","background-position":"center center","background-size":"auto","background-attachment":"scroll","background-type":"","background-media":"","overlay-type":"","overlay-color":"","overlay-opacity":"","overlay-gradient":""},"mobile":{"background-color":"","background-image":"","background-repeat":"repeat","background-position":"center center","background-size":"auto","background-attachment":"scroll","background-type":"","background-media":"","overlay-type":"","overlay-color":"","overlay-opacity":"","overlay-gradient":""}},"ast-content-background-meta":{"desktop":{"background-color":"var(--ast-global-color-4)","background-image":"","background-repeat":"repeat","background-position":"center center","background-size":"auto","background-attachment":"scroll","background-type":"","background-media":"","overlay-type":"","overlay-color":"","overlay-opacity":"","overlay-gradient":""},"tablet":{"background-color":"var(--ast-global-color-4)","background-image":"","background-repeat":"repeat","background-position":"center center","background-size":"auto","background-attachment":"scroll","background-type":"","background-media":"","overlay-type":"","overlay-color":"","overlay-opacity":"","overlay-gradient":""},"mobile":{"background-color":"var(--ast-global-color-4)","background-image":"","background-repeat":"repeat","background-position":"center center","background-size":"auto","background-attachment":"scroll","background-type":"","background-media":"","overlay-type":"","overlay-color":"","overlay-opacity":"","overlay-gradient":""}},"footnotes":""},"class_list":["post-876","page","type-page","status-publish","hentry"],"_links":{"self":[{"href":"https:\/\/ostlingtraining.co.uk\/fr\/wp-json\/wp\/v2\/pages\/876","targetHints":{"allow":["GET"]}}],"collection":[{"href":"https:\/\/ostlingtraining.co.uk\/fr\/wp-json\/wp\/v2\/pages"}],"about":[{"href":"https:\/\/ostlingtraining.co.uk\/fr\/wp-json\/wp\/v2\/types\/page"}],"author":[{"embeddable":true,"href":"https:\/\/ostlingtraining.co.uk\/fr\/wp-json\/wp\/v2\/users\/1"}],"replies":[{"embeddable":true,"href":"https:\/\/ostlingtraining.co.uk\/fr\/wp-json\/wp\/v2\/comments?post=876"}],"version-history":[{"count":34,"href":"https:\/\/ostlingtraining.co.uk\/fr\/wp-json\/wp\/v2\/pages\/876\/revisions"}],"predecessor-version":[{"id":1377,"href":"https:\/\/ostlingtraining.co.uk\/fr\/wp-json\/wp\/v2\/pages\/876\/revisions\/1377"}],"wp:attachment":[{"href":"https:\/\/ostlingtraining.co.uk\/fr\/wp-json\/wp\/v2\/media?parent=876"}],"curies":[{"name":"wp","href":"https:\/\/api.w.org\/{rel}","templated":true}]}}