{"id":726,"date":"2025-08-24T08:09:52","date_gmt":"2025-08-24T08:09:52","guid":{"rendered":"https:\/\/ostlingtraining.co.uk\/?page_id=726"},"modified":"2025-08-28T19:41:10","modified_gmt":"2025-08-28T19:41:10","slug":"cognitivebehaviouralapproaches","status":"publish","type":"page","link":"https:\/\/ostlingtraining.co.uk\/fr\/cognitivebehaviouralapproaches\/","title":{"rendered":"La formation aux approches cognitivo-comportementales"},"content":{"rendered":"<div data-elementor-type=\"wp-page\" data-elementor-id=\"726\" class=\"elementor elementor-726\">\n\t\t\t\t<div class=\"elementor-element elementor-element-1d4cdbf e-flex e-con-boxed e-con e-parent\" data-id=\"1d4cdbf\" data-element_type=\"container\">\n\t\t\t\t\t<div class=\"e-con-inner\">\n\t\t\t\t<div class=\"elementor-element elementor-element-7c17b50 elementor-widget__width-initial elementor-widget-mobile__width-initial elementor-widget elementor-widget-heading\" data-id=\"7c17b50\" data-element_type=\"widget\" data-widget_type=\"heading.default\">\n\t\t\t\t\t<h2 class=\"elementor-heading-title elementor-size-default\">Approches cognitivo-comportementales<\/h2>\t\t\t\t<\/div>\n\t\t\t\t\t<\/div>\n\t\t\t\t<\/div>\n\t\t<div class=\"elementor-element elementor-element-a765183 e-flex e-con-boxed e-con e-parent\" data-id=\"a765183\" data-element_type=\"container\">\n\t\t\t\t\t<div class=\"e-con-inner\">\n\t\t<div class=\"elementor-element elementor-element-e2d745f e-con-full elementor-hidden-tablet elementor-hidden-mobile e-flex e-con e-child\" data-id=\"e2d745f\" data-element_type=\"container\">\n\t\t\t\t<div class=\"elementor-element elementor-element-8da9f6f elementor-widget elementor-widget-image\" data-id=\"8da9f6f\" data-element_type=\"widget\" data-widget_type=\"image.default\">\n\t\t\t\t\t\t\t\t\t\t\t\t\t\t\t<img fetchpriority=\"high\" decoding=\"async\" width=\"1024\" height=\"683\" src=\"https:\/\/ostlingtraining.co.uk\/wp-content\/uploads\/2025\/08\/front-view-psychologist-patient-1024x683.jpg\" class=\"attachment-large size-large wp-image-384\" alt=\"\" srcset=\"https:\/\/ostlingtraining.co.uk\/wp-content\/uploads\/2025\/08\/front-view-psychologist-patient-1024x683.jpg 1024w, https:\/\/ostlingtraining.co.uk\/wp-content\/uploads\/2025\/08\/front-view-psychologist-patient-300x200.jpg 300w, https:\/\/ostlingtraining.co.uk\/wp-content\/uploads\/2025\/08\/front-view-psychologist-patient-768x512.jpg 768w, https:\/\/ostlingtraining.co.uk\/wp-content\/uploads\/2025\/08\/front-view-psychologist-patient-1536x1024.jpg 1536w, https:\/\/ostlingtraining.co.uk\/wp-content\/uploads\/2025\/08\/front-view-psychologist-patient-2048x1365.jpg 2048w\" sizes=\"(max-width: 1024px) 100vw, 1024px\" \/>\t\t\t\t\t\t\t\t\t\t\t\t\t\t\t<\/div>\n\t\t\t\t<\/div>\n\t\t<div class=\"elementor-element elementor-element-d1e0572 e-con-full e-flex e-con e-child\" data-id=\"d1e0572\" data-element_type=\"container\">\n\t\t<div class=\"elementor-element elementor-element-745d8cb e-con-full e-flex e-con e-child\" data-id=\"745d8cb\" data-element_type=\"container\">\n\t\t\t\t<div class=\"elementor-element elementor-element-691d5e3 elementor-widget elementor-widget-heading\" data-id=\"691d5e3\" data-element_type=\"widget\" data-widget_type=\"heading.default\">\n\t\t\t\t\t<h2 class=\"elementor-heading-title elementor-size-default\">Pr\u00e9sentation du cours<\/h2>\t\t\t\t<\/div>\n\t\t\t\t<div class=\"elementor-element elementor-element-33ed6c5 elementor-widget elementor-widget-text-editor\" data-id=\"33ed6c5\" data-element_type=\"widget\" data-widget_type=\"text-editor.default\">\n\t\t\t\t\t\t\t\t\t<p><strong data-start=\"221\" data-end=\"257\">La formation aux approches cognitivo-comportementales<\/strong> est un cours pratique qui fournit aux participants des outils pour comprendre et appliquer des strat\u00e9gies cognitives et comportementales afin d\u2019accompagner le changement. Le cours permet de pratiquer des comp\u00e9tences cl\u00e9s, de mieux g\u00e9rer la r\u00e9sistance et de maintenir une approche collaborative centr\u00e9e sur la personne.<\/p>\t\t\t\t\t\t\t\t<\/div>\n\t\t<div class=\"elementor-element elementor-element-5ea3480 e-con-full e-flex e-con e-child\" data-id=\"5ea3480\" data-element_type=\"container\">\n\t\t<div class=\"elementor-element elementor-element-8b8765c e-con-full e-flex e-con e-child\" data-id=\"8b8765c\" data-element_type=\"container\">\n\t\t\t\t<div class=\"elementor-element elementor-element-905ad68 elementor-widget elementor-widget-text-editor\" data-id=\"905ad68\" data-element_type=\"widget\" data-widget_type=\"text-editor.default\">\n\t\t\t\t\t\t\t\t\t<p>Dur\u00e9e du cours : 1 journ\u00e9e<\/p>\t\t\t\t\t\t\t\t<\/div>\n\t\t\t\t<\/div>\n\t\t<div class=\"elementor-element elementor-element-ea8461e e-con-full e-flex e-con e-child\" data-id=\"ea8461e\" data-element_type=\"container\">\n\t\t\t\t<div class=\"elementor-element elementor-element-877cc7f elementor-widget elementor-widget-text-editor\" data-id=\"877cc7f\" data-element_type=\"widget\" data-widget_type=\"text-editor.default\">\n\t\t\t\t\t\t\t\t\t<p><span class=\"chip\">En ligne et en pr\u00e9sentiel<\/span><\/p>\t\t\t\t\t\t\t\t<\/div>\n\t\t\t\t<\/div>\n\t\t<div class=\"elementor-element elementor-element-a88feb8 e-con-full e-flex e-con e-child\" data-id=\"a88feb8\" data-element_type=\"container\">\n\t\t\t\t<div class=\"elementor-element elementor-element-40ef58d elementor-widget elementor-widget-text-editor\" data-id=\"40ef58d\" data-element_type=\"widget\" data-widget_type=\"text-editor.default\">\n\t\t\t\t\t\t\t\t\t<section class=\"card\" aria-labelledby=\"details-h\"><div class=\"chips\"><span class=\"chip\">Participants maximum : 16<\/span><\/div><\/section><section class=\"card\" aria-labelledby=\"lo-h\"><\/section>\t\t\t\t\t\t\t\t<\/div>\n\t\t\t\t<\/div>\n\t\t\t\t<\/div>\n\t\t\t\t<\/div>\n\t\t\t\t<\/div>\n\t\t\t\t\t<\/div>\n\t\t\t\t<\/div>\n\t\t<div class=\"elementor-element elementor-element-64659a7 e-flex e-con-boxed e-con e-parent\" data-id=\"64659a7\" data-element_type=\"container\">\n\t\t\t\t\t<div class=\"e-con-inner\">\n\t\t<div class=\"elementor-element elementor-element-efc344b e-con-full e-flex e-con e-child\" data-id=\"efc344b\" data-element_type=\"container\" data-settings=\"{&quot;background_background&quot;:&quot;classic&quot;}\">\n\t\t<div class=\"elementor-element elementor-element-eef195a e-flex e-con-boxed e-con e-child\" data-id=\"eef195a\" data-element_type=\"container\">\n\t\t\t\t\t<div class=\"e-con-inner\">\n\t\t\t\t<div class=\"elementor-element elementor-element-7d9884f elementor-widget elementor-widget-heading\" data-id=\"7d9884f\" data-element_type=\"widget\" data-widget_type=\"heading.default\">\n\t\t\t\t\t<h2 class=\"elementor-heading-title elementor-size-default\">Objectifs d\u2019apprentissage<\/h2>\t\t\t\t<\/div>\n\t\t\t\t\t<\/div>\n\t\t\t\t<\/div>\n\t\t\t\t<div class=\"elementor-element elementor-element-9d5e101 elementor-widget elementor-widget-text-editor\" data-id=\"9d5e101\" data-element_type=\"widget\" data-widget_type=\"text-editor.default\">\n\t\t\t\t\t\t\t\t\t<p>Comprendre l\u2019importance d\u2019une approche structur\u00e9e pour l\u2019\u00e9valuation et l\u2019intervention<br \/>Structurer et cibler efficacement les s\u00e9ances<br \/>Utiliser le mod\u00e8le cognitivo-comportemental<br \/>Mettre en \u0153uvre des interventions et des exercices structur\u00e9s<\/p>\t\t\t\t\t\t\t\t<\/div>\n\t\t\t\t<\/div>\n\t\t\t\t\t<\/div>\n\t\t\t\t<\/div>\n\t\t<div class=\"elementor-element elementor-element-05999d4 e-flex e-con-boxed e-con e-parent\" data-id=\"05999d4\" data-element_type=\"container\">\n\t\t\t\t\t<div class=\"e-con-inner\">\n\t\t<div class=\"elementor-element elementor-element-b63b14f e-con-full e-flex e-con e-child\" data-id=\"b63b14f\" data-element_type=\"container\" data-settings=\"{&quot;background_background&quot;:&quot;classic&quot;}\">\n\t\t<div class=\"elementor-element elementor-element-56237bc e-flex e-con-boxed e-con e-child\" data-id=\"56237bc\" data-element_type=\"container\">\n\t\t\t\t\t<div class=\"e-con-inner\">\n\t\t\t\t<div class=\"elementor-element elementor-element-d602f06 elementor-widget elementor-widget-heading\" data-id=\"d602f06\" data-element_type=\"widget\" data-widget_type=\"heading.default\">\n\t\t\t\t\t<h2 class=\"elementor-heading-title elementor-size-default\">\u00c0 propos du cours<\/h2>\t\t\t\t<\/div>\n\t\t\t\t\t<\/div>\n\t\t\t\t<\/div>\n\t\t\t\t<div class=\"elementor-element elementor-element-6a5131d elementor-widget elementor-widget-text-editor\" data-id=\"6a5131d\" data-element_type=\"widget\" data-widget_type=\"text-editor.default\">\n\t\t\t\t\t\t\t\t\t<p>La cl\u00e9 d\u2019une pratique efficace est d\u2019\u00e9tablir une \u00ab alliance de travail \u00bb avec la personne, qui sert de base pour favoriser un changement positif dans ses attitudes et comportements.<\/p>\t\t\t\t\t\t\t\t<\/div>\n\t\t\t\t<div class=\"elementor-element elementor-element-c467e4b elementor-widget elementor-widget-text-editor\" data-id=\"c467e4b\" data-element_type=\"widget\" data-widget_type=\"text-editor.default\">\n\t\t\t\t\t\t\t\t\t<p>Toutefois, au-del\u00e0 des comp\u00e9tences relationnelles, la capacit\u00e9 d\u2019utiliser une d\u00e9marche structur\u00e9e est un \u00e9l\u00e9ment essentiel de notre travail.<\/p>\t\t\t\t\t\t\t\t<\/div>\n\t\t\t\t<div class=\"elementor-element elementor-element-b6d8776 elementor-widget elementor-widget-text-editor\" data-id=\"b6d8776\" data-element_type=\"widget\" data-widget_type=\"text-editor.default\">\n\t\t\t\t\t\t\t\t\t<p>Dans ce cours, nous examinerons deux aspects de cette d\u00e9marche structur\u00e9e. D\u2019abord, il est primordial d\u2019assurer une structure et un objectif global aux s\u00e9ances. Cela implique de d\u00e9finir pr\u00e9cis\u00e9ment le cadre et l\u2019objectif de notre intervention.<\/p>\t\t\t\t\t\t\t\t<\/div>\n\t\t\t\t<div class=\"elementor-element elementor-element-cdff77b elementor-widget elementor-widget-text-editor\" data-id=\"cdff77b\" data-element_type=\"widget\" data-widget_type=\"text-editor.default\">\n\t\t\t\t\t\t\t\t\t<p>Ensuite, une fois notre objectif clarifi\u00e9, nous verrons comment recourir \u00e0 des interventions dont l\u2019efficacit\u00e9 est d\u00e9montr\u00e9e, comme l\u2019approche cognitivo-comportementale, \u00e0 l\u2019origine du d\u00e9veloppement de programmes individuels et collectifs utilisant une d\u00e9marche structur\u00e9e pour r\u00e9pondre \u00e0 diverses probl\u00e9matiques.<\/p>\t\t\t\t\t\t\t\t<\/div>\n\t\t\t\t<\/div>\n\t\t\t\t\t<\/div>\n\t\t\t\t<\/div>\n\t\t<div class=\"elementor-element elementor-element-3f9e623 e-flex e-con-boxed e-con e-parent\" data-id=\"3f9e623\" data-element_type=\"container\">\n\t\t\t\t\t<div class=\"e-con-inner\">\n\t\t<div class=\"elementor-element elementor-element-426fec7 e-con-full e-flex e-con e-child\" data-id=\"426fec7\" data-element_type=\"container\" data-settings=\"{&quot;background_background&quot;:&quot;classic&quot;}\">\n\t\t\t\t<div class=\"elementor-element elementor-element-bf90b58 elementor-widget elementor-widget-heading\" data-id=\"bf90b58\" data-element_type=\"widget\" data-widget_type=\"heading.default\">\n\t\t\t\t\t<h2 class=\"elementor-heading-title elementor-size-default\">Pr\u00eat \u00e0 int\u00e9grer les approches cognitivo-comportementales dans votre pratique professionnelle ?\n<\/h2>\t\t\t\t<\/div>\n\t\t\t\t<div class=\"elementor-element elementor-element-8f6a18e elementor-widget elementor-widget-text-editor\" data-id=\"8f6a18e\" data-element_type=\"widget\" data-widget_type=\"text-editor.default\">\n\t\t\t\t\t\t\t\t\t<p data-start=\"176\" data-end=\"380\">Que vous souhaitiez discuter d\u2019une formation personnalis\u00e9e, poser des questions, ou explorer comment ces m\u00e9thodes peuvent b\u00e9n\u00e9ficier \u00e0 votre \u00e9quipe, n\u2019h\u00e9sitez pas \u00e0 nous contacter.<\/p><p data-start=\"382\" data-end=\"485\">\u00a0<\/p>\t\t\t\t\t\t\t\t<\/div>\n\t\t\t\t<div class=\"elementor-element elementor-element-bd3fc31 elementor-align-center elementor-widget elementor-widget-button\" data-id=\"bd3fc31\" data-element_type=\"widget\" data-widget_type=\"button.default\">\n\t\t\t\t\t\t\t\t\t\t<a class=\"elementor-button elementor-button-link elementor-size-sm\" href=\"https:\/\/ostlingtraining.co.uk\/fr\/contact-us\/\" target=\"_blank\" rel=\"nofollow\">\n\t\t\t\t\t\t<span class=\"elementor-button-content-wrapper\">\n\t\t\t\t\t\t\t\t\t<span class=\"elementor-button-text\">Contactez-nous<\/span>\n\t\t\t\t\t<\/span>\n\t\t\t\t\t<\/a>\n\t\t\t\t\t\t\t\t<\/div>\n\t\t\t\t<\/div>\n\t\t\t\t\t<\/div>\n\t\t\t\t<\/div>\n\t\t\t\t<\/div>","protected":false},"excerpt":{"rendered":"<p>Cognitive Behavioural Approaches Course overview Cognitive Behavioural Approaches is a practical course that equips participants with tools to understand and [&hellip;]<\/p>","protected":false},"author":1,"featured_media":0,"parent":0,"menu_order":0,"comment_status":"closed","ping_status":"closed","template":"elementor_header_footer","meta":{"site-sidebar-layout":"no-sidebar","site-content-layout":"","ast-site-content-layout":"full-width-container","site-content-style":"default","site-sidebar-style":"default","ast-global-header-display":"","ast-banner-title-visibility":"","ast-main-header-display":"","ast-hfb-above-header-display":"","ast-hfb-below-header-display":"","ast-hfb-mobile-header-display":"","site-post-title":"","ast-breadcrumbs-content":"","ast-featured-img":"disabled","footer-sml-layout":"","theme-transparent-header-meta":"","adv-header-id-meta":"","stick-header-meta":"","header-above-stick-meta":"","header-main-stick-meta":"","header-below-stick-meta":"","astra-migrate-meta-layouts":"default","ast-page-background-enabled":"default","ast-page-background-meta":{"desktop":{"background-color":"var(--ast-global-color-5)","background-image":"","background-repeat":"repeat","background-position":"center center","background-size":"auto","background-attachment":"scroll","background-type":"","background-media":"","overlay-type":"","overlay-color":"","overlay-opacity":"","overlay-gradient":""},"tablet":{"background-color":"","background-image":"","background-repeat":"repeat","background-position":"center center","background-size":"auto","background-attachment":"scroll","background-type":"","background-media":"","overlay-type":"","overlay-color":"","overlay-opacity":"","overlay-gradient":""},"mobile":{"background-color":"","background-image":"","background-repeat":"repeat","background-position":"center center","background-size":"auto","background-attachment":"scroll","background-type":"","background-media":"","overlay-type":"","overlay-color":"","overlay-opacity":"","overlay-gradient":""}},"ast-content-background-meta":{"desktop":{"background-color":"var(--ast-global-color-4)","background-image":"","background-repeat":"repeat","background-position":"center center","background-size":"auto","background-attachment":"scroll","background-type":"","background-media":"","overlay-type":"","overlay-color":"","overlay-opacity":"","overlay-gradient":""},"tablet":{"background-color":"var(--ast-global-color-4)","background-image":"","background-repeat":"repeat","background-position":"center center","background-size":"auto","background-attachment":"scroll","background-type":"","background-media":"","overlay-type":"","overlay-color":"","overlay-opacity":"","overlay-gradient":""},"mobile":{"background-color":"var(--ast-global-color-4)","background-image":"","background-repeat":"repeat","background-position":"center center","background-size":"auto","background-attachment":"scroll","background-type":"","background-media":"","overlay-type":"","overlay-color":"","overlay-opacity":"","overlay-gradient":""}},"footnotes":""},"class_list":["post-726","page","type-page","status-publish","hentry"],"_links":{"self":[{"href":"https:\/\/ostlingtraining.co.uk\/fr\/wp-json\/wp\/v2\/pages\/726","targetHints":{"allow":["GET"]}}],"collection":[{"href":"https:\/\/ostlingtraining.co.uk\/fr\/wp-json\/wp\/v2\/pages"}],"about":[{"href":"https:\/\/ostlingtraining.co.uk\/fr\/wp-json\/wp\/v2\/types\/page"}],"author":[{"embeddable":true,"href":"https:\/\/ostlingtraining.co.uk\/fr\/wp-json\/wp\/v2\/users\/1"}],"replies":[{"embeddable":true,"href":"https:\/\/ostlingtraining.co.uk\/fr\/wp-json\/wp\/v2\/comments?post=726"}],"version-history":[{"count":26,"href":"https:\/\/ostlingtraining.co.uk\/fr\/wp-json\/wp\/v2\/pages\/726\/revisions"}],"predecessor-version":[{"id":1367,"href":"https:\/\/ostlingtraining.co.uk\/fr\/wp-json\/wp\/v2\/pages\/726\/revisions\/1367"}],"wp:attachment":[{"href":"https:\/\/ostlingtraining.co.uk\/fr\/wp-json\/wp\/v2\/media?parent=726"}],"curies":[{"name":"wp","href":"https:\/\/api.w.org\/{rel}","templated":true}]}}