{"id":725,"date":"2025-08-24T08:16:36","date_gmt":"2025-08-24T08:16:36","guid":{"rendered":"https:\/\/ostlingtraining.co.uk\/?page_id=725"},"modified":"2025-08-29T13:45:17","modified_gmt":"2025-08-29T13:45:17","slug":"groupwork-skills","status":"publish","type":"page","link":"https:\/\/ostlingtraining.co.uk\/fr\/groupwork-skills\/","title":{"rendered":"Animation de programmes de groupe"},"content":{"rendered":"<div data-elementor-type=\"wp-page\" data-elementor-id=\"725\" class=\"elementor elementor-725\">\n\t\t\t\t<div class=\"elementor-element elementor-element-4f5ddf0 e-flex e-con-boxed e-con e-parent\" data-id=\"4f5ddf0\" data-element_type=\"container\">\n\t\t\t\t\t<div class=\"e-con-inner\">\n\t\t\t\t<div class=\"elementor-element elementor-element-d3b87e8 elementor-widget__width-initial elementor-widget-mobile__width-initial elementor-widget elementor-widget-heading\" data-id=\"d3b87e8\" data-element_type=\"widget\" data-widget_type=\"heading.default\">\n\t\t\t\t\t<h2 class=\"elementor-heading-title elementor-size-default\">Animation de programmes de groupe<\/h2>\t\t\t\t<\/div>\n\t\t\t\t\t<\/div>\n\t\t\t\t<\/div>\n\t\t<div class=\"elementor-element elementor-element-a765183 e-flex e-con-boxed e-con e-parent\" data-id=\"a765183\" data-element_type=\"container\" data-settings=\"{&quot;background_background&quot;:&quot;classic&quot;}\">\n\t\t\t\t\t<div class=\"e-con-inner\">\n\t\t<div class=\"elementor-element elementor-element-e2d745f e-con-full elementor-hidden-tablet elementor-hidden-mobile e-flex e-con e-child\" data-id=\"e2d745f\" data-element_type=\"container\">\n\t\t\t\t<div class=\"elementor-element elementor-element-8da9f6f elementor-widget elementor-widget-image\" data-id=\"8da9f6f\" data-element_type=\"widget\" data-widget_type=\"image.default\">\n\t\t\t\t\t\t\t\t\t\t\t\t\t\t\t<img fetchpriority=\"high\" decoding=\"async\" width=\"626\" height=\"417\" src=\"https:\/\/ostlingtraining.co.uk\/wp-content\/uploads\/2025\/08\/Vista-frontal-de-pessoas-de-negocios-no-escritorio-_-Foto-Gratis.jpeg\" class=\"attachment-large size-large wp-image-174\" alt=\"\" srcset=\"https:\/\/ostlingtraining.co.uk\/wp-content\/uploads\/2025\/08\/Vista-frontal-de-pessoas-de-negocios-no-escritorio-_-Foto-Gratis.jpeg 626w, https:\/\/ostlingtraining.co.uk\/wp-content\/uploads\/2025\/08\/Vista-frontal-de-pessoas-de-negocios-no-escritorio-_-Foto-Gratis-300x200.jpeg 300w\" sizes=\"(max-width: 626px) 100vw, 626px\" \/>\t\t\t\t\t\t\t\t\t\t\t\t\t\t\t<\/div>\n\t\t\t\t<\/div>\n\t\t<div class=\"elementor-element elementor-element-d1e0572 e-con-full e-flex e-con e-child\" data-id=\"d1e0572\" data-element_type=\"container\">\n\t\t<div class=\"elementor-element elementor-element-745d8cb e-con-full e-flex e-con e-child\" data-id=\"745d8cb\" data-element_type=\"container\">\n\t\t\t\t<div class=\"elementor-element elementor-element-691d5e3 elementor-widget elementor-widget-heading\" data-id=\"691d5e3\" data-element_type=\"widget\" data-widget_type=\"heading.default\">\n\t\t\t\t\t<h2 class=\"elementor-heading-title elementor-size-default\">Pr\u00e9sentation du cours<\/h2>\t\t\t\t<\/div>\n\t\t\t\t<div class=\"elementor-element elementor-element-33ed6c5 elementor-widget elementor-widget-text-editor\" data-id=\"33ed6c5\" data-element_type=\"widget\" data-widget_type=\"text-editor.default\">\n\t\t\t\t\t\t\t\t\t<p>Les programmes de groupe structur\u00e9s sont un \u00e9l\u00e9ment essentiel d\u2019une pratique efficace. Cette formation tr\u00e8s pratique donne aux participants les comp\u00e9tences cl\u00e9s pour animer des programmes de groupe avec assurance.<\/p>\t\t\t\t\t\t\t\t<\/div>\n\t\t<div class=\"elementor-element elementor-element-5ea3480 e-con-full e-flex e-con e-child\" data-id=\"5ea3480\" data-element_type=\"container\">\n\t\t<div class=\"elementor-element elementor-element-8b8765c e-con-full e-flex e-con e-child\" data-id=\"8b8765c\" data-element_type=\"container\">\n\t\t\t\t<div class=\"elementor-element elementor-element-905ad68 elementor-widget elementor-widget-text-editor\" data-id=\"905ad68\" data-element_type=\"widget\" data-widget_type=\"text-editor.default\">\n\t\t\t\t\t\t\t\t\t<p>Dur\u00e9e du cours : 3 jours<\/p>\t\t\t\t\t\t\t\t<\/div>\n\t\t\t\t<\/div>\n\t\t<div class=\"elementor-element elementor-element-ea8461e e-con-full e-flex e-con e-child\" data-id=\"ea8461e\" data-element_type=\"container\">\n\t\t\t\t<div class=\"elementor-element elementor-element-877cc7f elementor-widget elementor-widget-text-editor\" data-id=\"877cc7f\" data-element_type=\"widget\" data-widget_type=\"text-editor.default\">\n\t\t\t\t\t\t\t\t\t<p><span class=\"chip\">En ligne et en pr\u00e9sentiel<\/span><\/p>\t\t\t\t\t\t\t\t<\/div>\n\t\t\t\t<\/div>\n\t\t<div class=\"elementor-element elementor-element-a88feb8 e-con-full e-flex e-con e-child\" data-id=\"a88feb8\" data-element_type=\"container\">\n\t\t\t\t<div class=\"elementor-element elementor-element-40ef58d elementor-widget elementor-widget-text-editor\" data-id=\"40ef58d\" data-element_type=\"widget\" data-widget_type=\"text-editor.default\">\n\t\t\t\t\t\t\t\t\t<section class=\"card\" aria-labelledby=\"details-h\"><div class=\"chips\"><span class=\"chip\">Participants maximum : 16<\/span><\/div><\/section><section class=\"card\" aria-labelledby=\"lo-h\"><\/section>\t\t\t\t\t\t\t\t<\/div>\n\t\t\t\t<\/div>\n\t\t\t\t<\/div>\n\t\t\t\t<\/div>\n\t\t\t\t<\/div>\n\t\t\t\t\t<\/div>\n\t\t\t\t<\/div>\n\t\t<div class=\"elementor-element elementor-element-64659a7 e-flex e-con-boxed e-con e-parent\" data-id=\"64659a7\" data-element_type=\"container\">\n\t\t\t\t\t<div class=\"e-con-inner\">\n\t\t<div class=\"elementor-element elementor-element-efc344b e-con-full e-flex e-con e-child\" data-id=\"efc344b\" data-element_type=\"container\" data-settings=\"{&quot;background_background&quot;:&quot;classic&quot;}\">\n\t\t<div class=\"elementor-element elementor-element-eef195a e-flex e-con-boxed e-con e-child\" data-id=\"eef195a\" data-element_type=\"container\">\n\t\t\t\t\t<div class=\"e-con-inner\">\n\t\t\t\t<div class=\"elementor-element elementor-element-7d9884f elementor-widget elementor-widget-heading\" data-id=\"7d9884f\" data-element_type=\"widget\" data-widget_type=\"heading.default\">\n\t\t\t\t\t<h2 class=\"elementor-heading-title elementor-size-default\">Objectifs d\u2019apprentissage<\/h2>\t\t\t\t<\/div>\n\t\t\t\t\t<\/div>\n\t\t\t\t<\/div>\n\t\t\t\t<div class=\"elementor-element elementor-element-9d5e101 elementor-widget elementor-widget-text-editor\" data-id=\"9d5e101\" data-element_type=\"widget\" data-widget_type=\"text-editor.default\">\n\t\t\t\t\t\t\t\t\t<p>Comprendre les fondements th\u00e9oriques du mod\u00e8le de programme de groupe structur\u00e9.<br \/>Comprendre l\u2019int\u00e9r\u00eat des interventions structur\u00e9es en groupe.<br \/>Identifier les comp\u00e9tences n\u00e9cessaires pour g\u00e9rer la dynamique du groupe et atteindre<br \/>les objectifs du programme.<br \/>Mettre en pratique les comp\u00e9tences d\u2019animation de groupe au travers d\u2019exercices de simulation<\/p>\t\t\t\t\t\t\t\t<\/div>\n\t\t\t\t<\/div>\n\t\t\t\t\t<\/div>\n\t\t\t\t<\/div>\n\t\t<div class=\"elementor-element elementor-element-05999d4 e-flex e-con-boxed e-con e-parent\" data-id=\"05999d4\" data-element_type=\"container\" data-settings=\"{&quot;background_background&quot;:&quot;classic&quot;}\">\n\t\t\t\t\t<div class=\"e-con-inner\">\n\t\t<div class=\"elementor-element elementor-element-b63b14f e-con-full e-flex e-con e-child\" data-id=\"b63b14f\" data-element_type=\"container\" data-settings=\"{&quot;background_background&quot;:&quot;classic&quot;}\">\n\t\t<div class=\"elementor-element elementor-element-56237bc e-flex e-con-boxed e-con e-child\" data-id=\"56237bc\" data-element_type=\"container\">\n\t\t\t\t\t<div class=\"e-con-inner\">\n\t\t\t\t<div class=\"elementor-element elementor-element-d602f06 elementor-widget elementor-widget-heading\" data-id=\"d602f06\" data-element_type=\"widget\" data-widget_type=\"heading.default\">\n\t\t\t\t\t<h2 class=\"elementor-heading-title elementor-size-default\">\u00c0 propos du cours<\/h2>\t\t\t\t<\/div>\n\t\t\t\t\t<\/div>\n\t\t\t\t<\/div>\n\t\t\t\t<div class=\"elementor-element elementor-element-6a5131d elementor-widget elementor-widget-text-editor\" data-id=\"6a5131d\" data-element_type=\"widget\" data-widget_type=\"text-editor.default\">\n\t\t\t\t\t\t\t\t\t<p>Ce cours couvre la th\u00e9orie et la pratique de l\u2019animation de programmes de groupe structur\u00e9s.<\/p>\t\t\t\t\t\t\t\t<\/div>\n\t\t\t\t<div class=\"elementor-element elementor-element-c5e2d50 elementor-widget elementor-widget-text-editor\" data-id=\"c5e2d50\" data-element_type=\"widget\" data-widget_type=\"text-editor.default\">\n\t\t\t\t\t\t\t\t\t<p>Nous aborderons le d\u00e9veloppement de programmes de groupe structur\u00e9s comme m\u00e9thode d\u2019intervention efficace et discuterons des principes cl\u00e9s de cette approche.<\/p>\t\t\t\t\t\t\t\t<\/div>\n\t\t\t\t<div class=\"elementor-element elementor-element-a645a49 elementor-widget elementor-widget-text-editor\" data-id=\"a645a49\" data-element_type=\"widget\" data-widget_type=\"text-editor.default\">\n\t\t\t\t\t\t\t\t\t<p>Nous explorerons un style d\u2019animation fond\u00e9 sur des mod\u00e8les tels que l\u2019entretien motivationnel, la mod\u00e9lisation pro-sociale et les approches cognitivo-comportementales.<\/p>\t\t\t\t\t\t\t\t<\/div>\n\t\t\t\t<div class=\"elementor-element elementor-element-edc5927 elementor-widget elementor-widget-text-editor\" data-id=\"edc5927\" data-element_type=\"widget\" data-widget_type=\"text-editor.default\">\n\t\t\t\t\t\t\t\t\t<p>Cependant, l\u2019accent de cette formation est mis sur l\u2019acquisition de comp\u00e9tences pratiques, et nous aiderons les participants \u00e0 renforcer leur confiance et leur comp\u00e9tence par des exercices de jeux de r\u00f4les. Ces activit\u00e9s sont con\u00e7ues pour aider \u00e0 g\u00e9rer la diversit\u00e9 des dynamiques de groupe, encourager la participation et r\u00e9pondre de fa\u00e7on adapt\u00e9e et efficace aux participants en difficult\u00e9.<\/p>\t\t\t\t\t\t\t\t<\/div>\n\t\t\t\t<div class=\"elementor-element elementor-element-af2ca59 elementor-widget elementor-widget-text-editor\" data-id=\"af2ca59\" data-element_type=\"widget\" data-widget_type=\"text-editor.default\">\n\t\t\t\t\t\t\t\t\t<p>Les formateurs offriront un accompagnement et des retours personnalis\u00e9s tout au long du cours.<\/p>\t\t\t\t\t\t\t\t<\/div>\n\t\t\t\t<\/div>\n\t\t\t\t\t<\/div>\n\t\t\t\t<\/div>\n\t\t<div class=\"elementor-element elementor-element-50877b7 e-flex e-con-boxed e-con e-parent\" data-id=\"50877b7\" data-element_type=\"container\">\n\t\t\t\t\t<div class=\"e-con-inner\">\n\t\t<div class=\"elementor-element elementor-element-6178b58 e-con-full e-flex e-con e-child\" data-id=\"6178b58\" data-element_type=\"container\" data-settings=\"{&quot;background_background&quot;:&quot;classic&quot;}\">\n\t\t\t\t<div class=\"elementor-element elementor-element-e94bcfb elementor-widget elementor-widget-heading\" data-id=\"e94bcfb\" data-element_type=\"widget\" data-widget_type=\"heading.default\">\n\t\t\t\t\t<h2 class=\"elementor-heading-title elementor-size-default\">Pr\u00eat \u00e0 int\u00e9grer les comp\u00e9tences de travail en groupe dans votre pratique professionnelle?\n<\/h2>\t\t\t\t<\/div>\n\t\t\t\t<div class=\"elementor-element elementor-element-39ea4d6 elementor-widget elementor-widget-text-editor\" data-id=\"39ea4d6\" data-element_type=\"widget\" data-widget_type=\"text-editor.default\">\n\t\t\t\t\t\t\t\t\t<p data-start=\"176\" data-end=\"380\">Que vous souhaitiez discuter d\u2019une formation personnalis\u00e9e, poser des questions, ou explorer comment ces m\u00e9thodes peuvent b\u00e9n\u00e9ficier \u00e0 votre \u00e9quipe, n\u2019h\u00e9sitez pas \u00e0 nous contacter.<\/p><p data-start=\"382\" data-end=\"485\">\u00a0<\/p>\t\t\t\t\t\t\t\t<\/div>\n\t\t\t\t<div class=\"elementor-element elementor-element-a4c5aae elementor-align-center elementor-widget elementor-widget-button\" data-id=\"a4c5aae\" data-element_type=\"widget\" data-widget_type=\"button.default\">\n\t\t\t\t\t\t\t\t\t\t<a class=\"elementor-button elementor-button-link elementor-size-sm\" href=\"https:\/\/ostlingtraining.co.uk\/fr\/contact-us\/\" target=\"_blank\" rel=\"nofollow\">\n\t\t\t\t\t\t<span class=\"elementor-button-content-wrapper\">\n\t\t\t\t\t\t\t\t\t<span class=\"elementor-button-text\">Contactez-nous<\/span>\n\t\t\t\t\t<\/span>\n\t\t\t\t\t<\/a>\n\t\t\t\t\t\t\t\t<\/div>\n\t\t\t\t<\/div>\n\t\t\t\t\t<\/div>\n\t\t\t\t<\/div>\n\t\t\t\t<\/div>","protected":false},"excerpt":{"rendered":"<p>Groupwork Skills Course overview Structured group programmes are an important element of effective practice. This highly experiential course equips participants [&hellip;]<\/p>","protected":false},"author":1,"featured_media":0,"parent":0,"menu_order":0,"comment_status":"closed","ping_status":"closed","template":"elementor_header_footer","meta":{"site-sidebar-layout":"no-sidebar","site-content-layout":"","ast-site-content-layout":"full-width-container","site-content-style":"default","site-sidebar-style":"default","ast-global-header-display":"","ast-banner-title-visibility":"","ast-main-header-display":"","ast-hfb-above-header-display":"","ast-hfb-below-header-display":"","ast-hfb-mobile-header-display":"","site-post-title":"","ast-breadcrumbs-content":"","ast-featured-img":"disabled","footer-sml-layout":"","theme-transparent-header-meta":"","adv-header-id-meta":"","stick-header-meta":"","header-above-stick-meta":"","header-main-stick-meta":"","header-below-stick-meta":"","astra-migrate-meta-layouts":"default","ast-page-background-enabled":"default","ast-page-background-meta":{"desktop":{"background-color":"var(--ast-global-color-5)","background-image":"","background-repeat":"repeat","background-position":"center center","background-size":"auto","background-attachment":"scroll","background-type":"","background-media":"","overlay-type":"","overlay-color":"","overlay-opacity":"","overlay-gradient":""},"tablet":{"background-color":"","background-image":"","background-repeat":"repeat","background-position":"center center","background-size":"auto","background-attachment":"scroll","background-type":"","background-media":"","overlay-type":"","overlay-color":"","overlay-opacity":"","overlay-gradient":""},"mobile":{"background-color":"","background-image":"","background-repeat":"repeat","background-position":"center center","background-size":"auto","background-attachment":"scroll","background-type":"","background-media":"","overlay-type":"","overlay-color":"","overlay-opacity":"","overlay-gradient":""}},"ast-content-background-meta":{"desktop":{"background-color":"var(--ast-global-color-4)","background-image":"","background-repeat":"repeat","background-position":"center center","background-size":"auto","background-attachment":"scroll","background-type":"","background-media":"","overlay-type":"","overlay-color":"","overlay-opacity":"","overlay-gradient":""},"tablet":{"background-color":"var(--ast-global-color-4)","background-image":"","background-repeat":"repeat","background-position":"center center","background-size":"auto","background-attachment":"scroll","background-type":"","background-media":"","overlay-type":"","overlay-color":"","overlay-opacity":"","overlay-gradient":""},"mobile":{"background-color":"var(--ast-global-color-4)","background-image":"","background-repeat":"repeat","background-position":"center center","background-size":"auto","background-attachment":"scroll","background-type":"","background-media":"","overlay-type":"","overlay-color":"","overlay-opacity":"","overlay-gradient":""}},"footnotes":""},"class_list":["post-725","page","type-page","status-publish","hentry"],"_links":{"self":[{"href":"https:\/\/ostlingtraining.co.uk\/fr\/wp-json\/wp\/v2\/pages\/725","targetHints":{"allow":["GET"]}}],"collection":[{"href":"https:\/\/ostlingtraining.co.uk\/fr\/wp-json\/wp\/v2\/pages"}],"about":[{"href":"https:\/\/ostlingtraining.co.uk\/fr\/wp-json\/wp\/v2\/types\/page"}],"author":[{"embeddable":true,"href":"https:\/\/ostlingtraining.co.uk\/fr\/wp-json\/wp\/v2\/users\/1"}],"replies":[{"embeddable":true,"href":"https:\/\/ostlingtraining.co.uk\/fr\/wp-json\/wp\/v2\/comments?post=725"}],"version-history":[{"count":28,"href":"https:\/\/ostlingtraining.co.uk\/fr\/wp-json\/wp\/v2\/pages\/725\/revisions"}],"predecessor-version":[{"id":1374,"href":"https:\/\/ostlingtraining.co.uk\/fr\/wp-json\/wp\/v2\/pages\/725\/revisions\/1374"}],"wp:attachment":[{"href":"https:\/\/ostlingtraining.co.uk\/fr\/wp-json\/wp\/v2\/media?parent=725"}],"curies":[{"name":"wp","href":"https:\/\/api.w.org\/{rel}","templated":true}]}}