{"id":724,"date":"2025-08-24T08:30:58","date_gmt":"2025-08-24T08:30:58","guid":{"rendered":"https:\/\/ostlingtraining.co.uk\/?page_id=724"},"modified":"2025-08-28T19:37:25","modified_gmt":"2025-08-28T19:37:25","slug":"working-with-risk","status":"publish","type":"page","link":"https:\/\/ostlingtraining.co.uk\/fr\/working-with-risk\/","title":{"rendered":"Gestion du risque de violence"},"content":{"rendered":"<div data-elementor-type=\"wp-page\" data-elementor-id=\"724\" class=\"elementor elementor-724\">\n\t\t\t\t<div class=\"elementor-element elementor-element-a3bf367 e-flex e-con-boxed e-con e-parent\" data-id=\"a3bf367\" data-element_type=\"container\">\n\t\t\t\t\t<div class=\"e-con-inner\">\n\t\t\t\t<div class=\"elementor-element elementor-element-a875bd3 elementor-widget__width-initial elementor-widget-mobile__width-initial elementor-widget elementor-widget-heading\" data-id=\"a875bd3\" data-element_type=\"widget\" data-widget_type=\"heading.default\">\n\t\t\t\t\t<h2 class=\"elementor-heading-title elementor-size-default\">Gestion du risque de violence<\/h2>\t\t\t\t<\/div>\n\t\t\t\t\t<\/div>\n\t\t\t\t<\/div>\n\t\t<div class=\"elementor-element elementor-element-a765183 e-flex e-con-boxed e-con e-parent\" data-id=\"a765183\" data-element_type=\"container\">\n\t\t\t\t\t<div class=\"e-con-inner\">\n\t\t<div class=\"elementor-element elementor-element-e2d745f e-con-full elementor-hidden-tablet elementor-hidden-mobile e-flex e-con e-child\" data-id=\"e2d745f\" data-element_type=\"container\">\n\t\t\t\t<div class=\"elementor-element elementor-element-8da9f6f elementor-widget elementor-widget-image\" data-id=\"8da9f6f\" data-element_type=\"widget\" data-widget_type=\"image.default\">\n\t\t\t\t\t\t\t\t\t\t\t\t\t\t\t<img fetchpriority=\"high\" decoding=\"async\" width=\"626\" height=\"417\" src=\"https:\/\/ostlingtraining.co.uk\/wp-content\/uploads\/2025\/08\/Premium-Photo-_-Businessman-hand-Stopping-Falling-wooden-Blocks-or-Dominoes.jpeg\" class=\"attachment-large size-large wp-image-178\" alt=\"\" srcset=\"https:\/\/ostlingtraining.co.uk\/wp-content\/uploads\/2025\/08\/Premium-Photo-_-Businessman-hand-Stopping-Falling-wooden-Blocks-or-Dominoes.jpeg 626w, https:\/\/ostlingtraining.co.uk\/wp-content\/uploads\/2025\/08\/Premium-Photo-_-Businessman-hand-Stopping-Falling-wooden-Blocks-or-Dominoes-300x200.jpeg 300w\" sizes=\"(max-width: 626px) 100vw, 626px\" \/>\t\t\t\t\t\t\t\t\t\t\t\t\t\t\t<\/div>\n\t\t\t\t<\/div>\n\t\t<div class=\"elementor-element elementor-element-d1e0572 e-con-full e-flex e-con e-child\" data-id=\"d1e0572\" data-element_type=\"container\">\n\t\t<div class=\"elementor-element elementor-element-745d8cb e-con-full e-flex e-con e-child\" data-id=\"745d8cb\" data-element_type=\"container\">\n\t\t\t\t<div class=\"elementor-element elementor-element-691d5e3 elementor-widget elementor-widget-heading\" data-id=\"691d5e3\" data-element_type=\"widget\" data-widget_type=\"heading.default\">\n\t\t\t\t\t<h2 class=\"elementor-heading-title elementor-size-default\">Pr\u00e9sentation du cours<\/h2>\t\t\t\t<\/div>\n\t\t\t\t<div class=\"elementor-element elementor-element-33ed6c5 elementor-widget elementor-widget-text-editor\" data-id=\"33ed6c5\" data-element_type=\"widget\" data-widget_type=\"text-editor.default\">\n\t\t\t\t\t\t\t\t\t<p>La conduite d\u2019\u00e9valuations structur\u00e9es des risques est essentielle pour une pratique s\u00fbre et efficace. Ce cours permet aux participants d\u2019acqu\u00e9rir les comp\u00e9tences n\u00e9cessaires pour identifier et \u00e9valuer les risques et planifier les interventions, tout en maintenant une approche centr\u00e9e sur la personne.<\/p>\t\t\t\t\t\t\t\t<\/div>\n\t\t<div class=\"elementor-element elementor-element-5ea3480 e-con-full e-flex e-con e-child\" data-id=\"5ea3480\" data-element_type=\"container\">\n\t\t<div class=\"elementor-element elementor-element-8b8765c e-con-full e-flex e-con e-child\" data-id=\"8b8765c\" data-element_type=\"container\">\n\t\t\t\t<div class=\"elementor-element elementor-element-905ad68 elementor-widget elementor-widget-text-editor\" data-id=\"905ad68\" data-element_type=\"widget\" data-widget_type=\"text-editor.default\">\n\t\t\t\t\t\t\t\t\t<p>Dur\u00e9e du cours : 2 jours<\/p>\t\t\t\t\t\t\t\t<\/div>\n\t\t\t\t<\/div>\n\t\t<div class=\"elementor-element elementor-element-ea8461e e-con-full e-flex e-con e-child\" data-id=\"ea8461e\" data-element_type=\"container\">\n\t\t\t\t<div class=\"elementor-element elementor-element-877cc7f elementor-widget elementor-widget-text-editor\" data-id=\"877cc7f\" data-element_type=\"widget\" data-widget_type=\"text-editor.default\">\n\t\t\t\t\t\t\t\t\t<p><span class=\"chip\">En ligne et en pr\u00e9sentiel<\/span><\/p>\t\t\t\t\t\t\t\t<\/div>\n\t\t\t\t<\/div>\n\t\t<div class=\"elementor-element elementor-element-a88feb8 e-con-full e-flex e-con e-child\" data-id=\"a88feb8\" data-element_type=\"container\">\n\t\t\t\t<div class=\"elementor-element elementor-element-40ef58d elementor-widget elementor-widget-text-editor\" data-id=\"40ef58d\" data-element_type=\"widget\" data-widget_type=\"text-editor.default\">\n\t\t\t\t\t\t\t\t\t<section class=\"card\" aria-labelledby=\"details-h\"><div class=\"chips\"><span class=\"chip\">Participants maximum : 16<\/span><\/div><\/section><section class=\"card\" aria-labelledby=\"lo-h\"><\/section>\t\t\t\t\t\t\t\t<\/div>\n\t\t\t\t<\/div>\n\t\t\t\t<\/div>\n\t\t\t\t<\/div>\n\t\t\t\t<\/div>\n\t\t\t\t\t<\/div>\n\t\t\t\t<\/div>\n\t\t<div class=\"elementor-element elementor-element-64659a7 e-flex e-con-boxed e-con e-parent\" data-id=\"64659a7\" data-element_type=\"container\">\n\t\t\t\t\t<div class=\"e-con-inner\">\n\t\t<div class=\"elementor-element elementor-element-efc344b e-con-full e-flex e-con e-child\" data-id=\"efc344b\" data-element_type=\"container\" data-settings=\"{&quot;background_background&quot;:&quot;classic&quot;}\">\n\t\t<div class=\"elementor-element elementor-element-eef195a e-flex e-con-boxed e-con e-child\" data-id=\"eef195a\" data-element_type=\"container\">\n\t\t\t\t\t<div class=\"e-con-inner\">\n\t\t\t\t<div class=\"elementor-element elementor-element-7d9884f elementor-widget elementor-widget-heading\" data-id=\"7d9884f\" data-element_type=\"widget\" data-widget_type=\"heading.default\">\n\t\t\t\t\t<h2 class=\"elementor-heading-title elementor-size-default\">Objectifs d\u2019apprentissage<\/h2>\t\t\t\t<\/div>\n\t\t\t\t\t<\/div>\n\t\t\t\t<\/div>\n\t\t\t\t<div class=\"elementor-element elementor-element-9d5e101 elementor-widget elementor-widget-text-editor\" data-id=\"9d5e101\" data-element_type=\"widget\" data-widget_type=\"text-editor.default\">\n\t\t\t\t\t\t\t\t\t<p>Qu\u2019est-ce que le risque de violence ? D\u00e9finitions et terminologie<br \/>Diff\u00e9rents types de risque<br \/>\u00ab Risques cach\u00e9s \u00bb : \u00catre attentif aux risques de violences intrafamiliales<br \/>Facteurs de risque et signes d\u2019alerte<br \/>Interventions pour r\u00e9pondre aux risques de violence<\/p>\t\t\t\t\t\t\t\t<\/div>\n\t\t\t\t<\/div>\n\t\t\t\t\t<\/div>\n\t\t\t\t<\/div>\n\t\t<div class=\"elementor-element elementor-element-05999d4 e-flex e-con-boxed e-con e-parent\" data-id=\"05999d4\" data-element_type=\"container\">\n\t\t\t\t\t<div class=\"e-con-inner\">\n\t\t<div class=\"elementor-element elementor-element-b63b14f e-con-full e-flex e-con e-child\" data-id=\"b63b14f\" data-element_type=\"container\" data-settings=\"{&quot;background_background&quot;:&quot;classic&quot;}\">\n\t\t<div class=\"elementor-element elementor-element-56237bc e-flex e-con-boxed e-con e-child\" data-id=\"56237bc\" data-element_type=\"container\">\n\t\t\t\t\t<div class=\"e-con-inner\">\n\t\t\t\t<div class=\"elementor-element elementor-element-d602f06 elementor-widget elementor-widget-heading\" data-id=\"d602f06\" data-element_type=\"widget\" data-widget_type=\"heading.default\">\n\t\t\t\t\t<h2 class=\"elementor-heading-title elementor-size-default\">\u00c0 propos du cours<\/h2>\t\t\t\t<\/div>\n\t\t\t\t\t<\/div>\n\t\t\t\t<\/div>\n\t\t\t\t<div class=\"elementor-element elementor-element-6a5131d elementor-widget elementor-widget-text-editor\" data-id=\"6a5131d\" data-element_type=\"widget\" data-widget_type=\"text-editor.default\">\n\t\t\t\t\t\t\t\t\t<p>Ce cours aidera les participants \u00e0 aborder en toute s\u00e9curit\u00e9 la gestion des risques.<\/p>\t\t\t\t\t\t\t\t<\/div>\n\t\t\t\t<div class=\"elementor-element elementor-element-05da067 elementor-widget elementor-widget-text-editor\" data-id=\"05da067\" data-element_type=\"widget\" data-widget_type=\"text-editor.default\">\n\t\t\t\t\t\t\t\t\t<p>Nous \u00e9tudierons les m\u00e9thodes utilis\u00e9es pour \u00e9valuer le risque de violence, ainsi que les syst\u00e8mes les plus courants en la mati\u00e8re.<\/p>\t\t\t\t\t\t\t\t<\/div>\n\t\t\t\t<div class=\"elementor-element elementor-element-10cdda3 elementor-widget elementor-widget-text-editor\" data-id=\"10cdda3\" data-element_type=\"widget\" data-widget_type=\"text-editor.default\">\n\t\t\t\t\t\t\t\t\t<p>Nous examinerons les \u00e9l\u00e9ments cl\u00e9s de l\u2019\u00e9valuation et de la gestion du risque de violence : facteurs de risque statiques, dynamiques et aigus, facteurs de protection et d\u00e9sistance.<\/p>\t\t\t\t\t\t\t\t<\/div>\n\t\t\t\t<div class=\"elementor-element elementor-element-76c68a9 elementor-widget elementor-widget-text-editor\" data-id=\"76c68a9\" data-element_type=\"widget\" data-widget_type=\"text-editor.default\">\n\t\t\t\t\t\t\t\t\t<p>En nous appuyant sur des mod\u00e8les \u00e9prouv\u00e9s, nous utiliserons des \u00e9tudes de cas pour illustrer les dilemmes li\u00e9s \u00e0 l\u2019\u00e9valuation et \u00e0 la gestion du risque, et nous montrerons, \u00e0 travers des exercices pratiques, comment appliquer les principes de bonnes pratiques \u00e0 des sc\u00e9narios r\u00e9els impliquant un risque de dommages graves.<\/p>\t\t\t\t\t\t\t\t<\/div>\n\t\t\t\t<\/div>\n\t\t\t\t\t<\/div>\n\t\t\t\t<\/div>\n\t\t<div class=\"elementor-element elementor-element-f362513 e-flex e-con-boxed e-con e-parent\" data-id=\"f362513\" data-element_type=\"container\">\n\t\t\t\t\t<div class=\"e-con-inner\">\n\t\t<div class=\"elementor-element elementor-element-09efbef e-con-full e-flex e-con e-child\" data-id=\"09efbef\" data-element_type=\"container\" data-settings=\"{&quot;background_background&quot;:&quot;classic&quot;}\">\n\t\t\t\t<div class=\"elementor-element elementor-element-b4a0449 elementor-widget elementor-widget-heading\" data-id=\"b4a0449\" data-element_type=\"widget\" data-widget_type=\"heading.default\">\n\t\t\t\t\t<h2 class=\"elementor-heading-title elementor-size-default\">Pr\u00eat \u00e0 int\u00e9grer la gestion du risque de violence dans votre pratique professionnelle ?\n<\/h2>\t\t\t\t<\/div>\n\t\t\t\t<div class=\"elementor-element elementor-element-b7dd661 elementor-widget elementor-widget-text-editor\" data-id=\"b7dd661\" data-element_type=\"widget\" data-widget_type=\"text-editor.default\">\n\t\t\t\t\t\t\t\t\t<p data-start=\"176\" data-end=\"380\">Que vous souhaitiez discuter d\u2019une formation personnalis\u00e9e, poser des questions, ou explorer comment ces m\u00e9thodes peuvent b\u00e9n\u00e9ficier \u00e0 votre \u00e9quipe, n\u2019h\u00e9sitez pas \u00e0 nous contacter.<\/p><p data-start=\"382\" data-end=\"485\">\u00a0<\/p>\t\t\t\t\t\t\t\t<\/div>\n\t\t\t\t<div class=\"elementor-element elementor-element-d9f21db elementor-align-center elementor-widget elementor-widget-button\" data-id=\"d9f21db\" data-element_type=\"widget\" data-widget_type=\"button.default\">\n\t\t\t\t\t\t\t\t\t\t<a class=\"elementor-button elementor-button-link elementor-size-sm\" href=\"https:\/\/ostlingtraining.co.uk\/fr\/contact-us\/\" target=\"_blank\" rel=\"nofollow\">\n\t\t\t\t\t\t<span class=\"elementor-button-content-wrapper\">\n\t\t\t\t\t\t\t\t\t<span class=\"elementor-button-text\">Contactez-nous<\/span>\n\t\t\t\t\t<\/span>\n\t\t\t\t\t<\/a>\n\t\t\t\t\t\t\t\t<\/div>\n\t\t\t\t<\/div>\n\t\t\t\t\t<\/div>\n\t\t\t\t<\/div>\n\t\t\t\t<\/div>","protected":false},"excerpt":{"rendered":"<p>Working with Risk Course overview Understanding and managing risk is central to safe and effective practice. This course equips participants [&hellip;]<\/p>","protected":false},"author":1,"featured_media":0,"parent":0,"menu_order":0,"comment_status":"closed","ping_status":"closed","template":"elementor_header_footer","meta":{"site-sidebar-layout":"no-sidebar","site-content-layout":"","ast-site-content-layout":"full-width-container","site-content-style":"default","site-sidebar-style":"default","ast-global-header-display":"","ast-banner-title-visibility":"","ast-main-header-display":"","ast-hfb-above-header-display":"","ast-hfb-below-header-display":"","ast-hfb-mobile-header-display":"","site-post-title":"","ast-breadcrumbs-content":"","ast-featured-img":"disabled","footer-sml-layout":"","theme-transparent-header-meta":"","adv-header-id-meta":"","stick-header-meta":"","header-above-stick-meta":"","header-main-stick-meta":"","header-below-stick-meta":"","astra-migrate-meta-layouts":"default","ast-page-background-enabled":"default","ast-page-background-meta":{"desktop":{"background-color":"var(--ast-global-color-5)","background-image":"","background-repeat":"repeat","background-position":"center center","background-size":"auto","background-attachment":"scroll","background-type":"","background-media":"","overlay-type":"","overlay-color":"","overlay-opacity":"","overlay-gradient":""},"tablet":{"background-color":"","background-image":"","background-repeat":"repeat","background-position":"center center","background-size":"auto","background-attachment":"scroll","background-type":"","background-media":"","overlay-type":"","overlay-color":"","overlay-opacity":"","overlay-gradient":""},"mobile":{"background-color":"","background-image":"","background-repeat":"repeat","background-position":"center center","background-size":"auto","background-attachment":"scroll","background-type":"","background-media":"","overlay-type":"","overlay-color":"","overlay-opacity":"","overlay-gradient":""}},"ast-content-background-meta":{"desktop":{"background-color":"var(--ast-global-color-4)","background-image":"","background-repeat":"repeat","background-position":"center center","background-size":"auto","background-attachment":"scroll","background-type":"","background-media":"","overlay-type":"","overlay-color":"","overlay-opacity":"","overlay-gradient":""},"tablet":{"background-color":"var(--ast-global-color-4)","background-image":"","background-repeat":"repeat","background-position":"center center","background-size":"auto","background-attachment":"scroll","background-type":"","background-media":"","overlay-type":"","overlay-color":"","overlay-opacity":"","overlay-gradient":""},"mobile":{"background-color":"var(--ast-global-color-4)","background-image":"","background-repeat":"repeat","background-position":"center center","background-size":"auto","background-attachment":"scroll","background-type":"","background-media":"","overlay-type":"","overlay-color":"","overlay-opacity":"","overlay-gradient":""}},"footnotes":""},"class_list":["post-724","page","type-page","status-publish","hentry"],"_links":{"self":[{"href":"https:\/\/ostlingtraining.co.uk\/fr\/wp-json\/wp\/v2\/pages\/724","targetHints":{"allow":["GET"]}}],"collection":[{"href":"https:\/\/ostlingtraining.co.uk\/fr\/wp-json\/wp\/v2\/pages"}],"about":[{"href":"https:\/\/ostlingtraining.co.uk\/fr\/wp-json\/wp\/v2\/types\/page"}],"author":[{"embeddable":true,"href":"https:\/\/ostlingtraining.co.uk\/fr\/wp-json\/wp\/v2\/users\/1"}],"replies":[{"embeddable":true,"href":"https:\/\/ostlingtraining.co.uk\/fr\/wp-json\/wp\/v2\/comments?post=724"}],"version-history":[{"count":19,"href":"https:\/\/ostlingtraining.co.uk\/fr\/wp-json\/wp\/v2\/pages\/724\/revisions"}],"predecessor-version":[{"id":1349,"href":"https:\/\/ostlingtraining.co.uk\/fr\/wp-json\/wp\/v2\/pages\/724\/revisions\/1349"}],"wp:attachment":[{"href":"https:\/\/ostlingtraining.co.uk\/fr\/wp-json\/wp\/v2\/media?parent=724"}],"curies":[{"name":"wp","href":"https:\/\/api.w.org\/{rel}","templated":true}]}}