{"id":1284,"date":"2025-08-28T17:39:07","date_gmt":"2025-08-28T17:39:07","guid":{"rendered":"https:\/\/ostlingtraining.co.uk\/?page_id=1284"},"modified":"2025-09-10T13:07:01","modified_gmt":"2025-09-10T13:07:01","slug":"managing-change","status":"publish","type":"page","link":"https:\/\/ostlingtraining.co.uk\/fr\/managing-change\/","title":{"rendered":"Gestion du changement"},"content":{"rendered":"<div data-elementor-type=\"wp-page\" data-elementor-id=\"1284\" class=\"elementor elementor-1284\">\n\t\t\t\t<div class=\"elementor-element elementor-element-f9a21f4 e-flex e-con-boxed e-con e-parent\" data-id=\"f9a21f4\" data-element_type=\"container\">\n\t\t\t\t\t<div class=\"e-con-inner\">\n\t\t\t\t<div class=\"elementor-element elementor-element-9de9534 elementor-widget__width-initial elementor-widget-mobile__width-initial elementor-widget elementor-widget-heading\" data-id=\"9de9534\" data-element_type=\"widget\" data-widget_type=\"heading.default\">\n\t\t\t\t\t<h2 class=\"elementor-heading-title elementor-size-default\">Gestion du changement<\/h2>\t\t\t\t<\/div>\n\t\t\t\t\t<\/div>\n\t\t\t\t<\/div>\n\t\t<div class=\"elementor-element elementor-element-a765183 e-flex e-con-boxed e-con e-parent\" data-id=\"a765183\" data-element_type=\"container\">\n\t\t\t\t\t<div class=\"e-con-inner\">\n\t\t<div class=\"elementor-element elementor-element-e2d745f e-con-full elementor-hidden-tablet elementor-hidden-mobile e-flex e-con e-child\" data-id=\"e2d745f\" data-element_type=\"container\">\n\t\t\t\t<div class=\"elementor-element elementor-element-8da9f6f elementor-widget elementor-widget-image\" data-id=\"8da9f6f\" data-element_type=\"widget\" data-widget_type=\"image.default\">\n\t\t\t\t\t\t\t\t\t\t\t\t\t\t\t<img fetchpriority=\"high\" decoding=\"async\" width=\"1024\" height=\"683\" src=\"https:\/\/ostlingtraining.co.uk\/wp-content\/uploads\/2025\/08\/pexels-fauxels-3184317_3_11zon-1024x683.jpg\" class=\"attachment-large size-large wp-image-1307\" alt=\"\" srcset=\"https:\/\/ostlingtraining.co.uk\/wp-content\/uploads\/2025\/08\/pexels-fauxels-3184317_3_11zon-1024x683.jpg 1024w, https:\/\/ostlingtraining.co.uk\/wp-content\/uploads\/2025\/08\/pexels-fauxels-3184317_3_11zon-300x200.jpg 300w, https:\/\/ostlingtraining.co.uk\/wp-content\/uploads\/2025\/08\/pexels-fauxels-3184317_3_11zon-768x512.jpg 768w, https:\/\/ostlingtraining.co.uk\/wp-content\/uploads\/2025\/08\/pexels-fauxels-3184317_3_11zon-1536x1024.jpg 1536w, https:\/\/ostlingtraining.co.uk\/wp-content\/uploads\/2025\/08\/pexels-fauxels-3184317_3_11zon-2048x1365.jpg 2048w\" sizes=\"(max-width: 1024px) 100vw, 1024px\" \/>\t\t\t\t\t\t\t\t\t\t\t\t\t\t\t<\/div>\n\t\t\t\t<\/div>\n\t\t<div class=\"elementor-element elementor-element-d1e0572 e-con-full e-flex e-con e-child\" data-id=\"d1e0572\" data-element_type=\"container\">\n\t\t<div class=\"elementor-element elementor-element-745d8cb e-con-full e-flex e-con e-child\" data-id=\"745d8cb\" data-element_type=\"container\">\n\t\t\t\t<div class=\"elementor-element elementor-element-691d5e3 elementor-widget elementor-widget-heading\" data-id=\"691d5e3\" data-element_type=\"widget\" data-widget_type=\"heading.default\">\n\t\t\t\t\t<h2 class=\"elementor-heading-title elementor-size-default\">Pr\u00e9sentation du cours<\/h2>\t\t\t\t<\/div>\n\t\t\t\t<div class=\"elementor-element elementor-element-33ed6c5 elementor-widget elementor-widget-text-editor\" data-id=\"33ed6c5\" data-element_type=\"widget\" data-widget_type=\"text-editor.default\">\n\t\t\t\t\t\t\t\t\t<p><strong data-start=\"255\" data-end=\"274\">Gestion du changement<\/strong> est une formation d\u2019une journ\u00e9e con\u00e7ue pour aider les managers et les \u00e9quipes \u00e0 s\u2019adapter efficacement au changement organisationnel. La formation se concentre sur la compr\u00e9hension du processus de changement, la reconnaissance des r\u00e9actions \u00e9motionnelles et l\u2019\u00e9laboration de strat\u00e9gies pour g\u00e9rer la r\u00e9sistance de fa\u00e7on constructive.<\/p>\t\t\t\t\t\t\t\t<\/div>\n\t\t<div class=\"elementor-element elementor-element-5ea3480 e-con-full e-flex e-con e-child\" data-id=\"5ea3480\" data-element_type=\"container\">\n\t\t<div class=\"elementor-element elementor-element-8b8765c e-con-full e-flex e-con e-child\" data-id=\"8b8765c\" data-element_type=\"container\">\n\t\t\t\t<div class=\"elementor-element elementor-element-905ad68 elementor-widget elementor-widget-text-editor\" data-id=\"905ad68\" data-element_type=\"widget\" data-widget_type=\"text-editor.default\">\n\t\t\t\t\t\t\t\t\t<p>Dur\u00e9e du cours : 1 journ\u00e9e<\/p>\t\t\t\t\t\t\t\t<\/div>\n\t\t\t\t<\/div>\n\t\t<div class=\"elementor-element elementor-element-ea8461e e-con-full e-flex e-con e-child\" data-id=\"ea8461e\" data-element_type=\"container\">\n\t\t\t\t<div class=\"elementor-element elementor-element-877cc7f elementor-widget elementor-widget-text-editor\" data-id=\"877cc7f\" data-element_type=\"widget\" data-widget_type=\"text-editor.default\">\n\t\t\t\t\t\t\t\t\t<p><span class=\"chip\">En ligne et en pr\u00e9sentiel<\/span><\/p>\t\t\t\t\t\t\t\t<\/div>\n\t\t\t\t<\/div>\n\t\t<div class=\"elementor-element elementor-element-a88feb8 e-con-full e-flex e-con e-child\" data-id=\"a88feb8\" data-element_type=\"container\">\n\t\t\t\t<div class=\"elementor-element elementor-element-40ef58d elementor-widget elementor-widget-text-editor\" data-id=\"40ef58d\" data-element_type=\"widget\" data-widget_type=\"text-editor.default\">\n\t\t\t\t\t\t\t\t\t<section class=\"card\" aria-labelledby=\"details-h\"><div class=\"chips\"><span class=\"chip\">Participants maximum : 16<\/span><\/div><\/section><section class=\"card\" aria-labelledby=\"lo-h\"><\/section>\t\t\t\t\t\t\t\t<\/div>\n\t\t\t\t<\/div>\n\t\t\t\t<\/div>\n\t\t\t\t<\/div>\n\t\t\t\t<\/div>\n\t\t\t\t\t<\/div>\n\t\t\t\t<\/div>\n\t\t<div class=\"elementor-element elementor-element-64659a7 e-flex e-con-boxed e-con e-parent\" data-id=\"64659a7\" data-element_type=\"container\">\n\t\t\t\t\t<div class=\"e-con-inner\">\n\t\t<div class=\"elementor-element elementor-element-efc344b e-con-full e-flex e-con e-child\" data-id=\"efc344b\" data-element_type=\"container\" data-settings=\"{&quot;background_background&quot;:&quot;classic&quot;}\">\n\t\t<div class=\"elementor-element elementor-element-eef195a e-flex e-con-boxed e-con e-child\" data-id=\"eef195a\" data-element_type=\"container\">\n\t\t\t\t\t<div class=\"e-con-inner\">\n\t\t\t\t<div class=\"elementor-element elementor-element-7d9884f elementor-widget elementor-widget-heading\" data-id=\"7d9884f\" data-element_type=\"widget\" data-widget_type=\"heading.default\">\n\t\t\t\t\t<h2 class=\"elementor-heading-title elementor-size-default\">Objectifs d\u2019apprentissage<\/h2>\t\t\t\t<\/div>\n\t\t\t\t\t<\/div>\n\t\t\t\t<\/div>\n\t\t\t\t<div class=\"elementor-element elementor-element-9d5e101 elementor-widget elementor-widget-text-editor\" data-id=\"9d5e101\" data-element_type=\"widget\" data-widget_type=\"text-editor.default\">\n\t\t\t\t\t\t\t\t\t<ul><li data-start=\"1192\" data-end=\"1277\"><p data-start=\"1194\" data-end=\"1277\">Comprendre les diff\u00e9rentes \u00e9tapes du processus de changement et leur impact sur les personnes<\/p><\/li><li data-start=\"1278\" data-end=\"1344\"><p data-start=\"1280\" data-end=\"1344\">Identifier les r\u00e9actions \u00e9motionnelles face au changement, telles que l\u2019ambivalence ou la r\u00e9sistance<\/p><\/li><li data-start=\"1345\" data-end=\"1411\"><p data-start=\"1347\" data-end=\"1411\">Mettre en pratique diverses comp\u00e9tences pour aider les \u00e9quipes \u00e0 g\u00e9rer le changement<\/p><\/li><li data-start=\"1412\" data-end=\"1496\"><p data-start=\"1414\" data-end=\"1496\">Identifier et appliquer diff\u00e9rentes approches pour travailler avec la r\u00e9sistance au changement<\/p><\/li><\/ul>\t\t\t\t\t\t\t\t<\/div>\n\t\t\t\t<\/div>\n\t\t\t\t\t<\/div>\n\t\t\t\t<\/div>\n\t\t<div class=\"elementor-element elementor-element-05999d4 e-flex e-con-boxed e-con e-parent\" data-id=\"05999d4\" data-element_type=\"container\">\n\t\t\t\t\t<div class=\"e-con-inner\">\n\t\t<div class=\"elementor-element elementor-element-b63b14f e-con-full e-flex e-con e-child\" data-id=\"b63b14f\" data-element_type=\"container\" data-settings=\"{&quot;background_background&quot;:&quot;classic&quot;}\">\n\t\t<div class=\"elementor-element elementor-element-56237bc e-flex e-con-boxed e-con e-child\" data-id=\"56237bc\" data-element_type=\"container\">\n\t\t\t\t\t<div class=\"e-con-inner\">\n\t\t\t\t<div class=\"elementor-element elementor-element-d602f06 elementor-widget elementor-widget-heading\" data-id=\"d602f06\" data-element_type=\"widget\" data-widget_type=\"heading.default\">\n\t\t\t\t\t<h2 class=\"elementor-heading-title elementor-size-default\">\u00c0 propos du cours<\/h2>\t\t\t\t<\/div>\n\t\t\t\t\t<\/div>\n\t\t\t\t<\/div>\n\t\t\t\t<div class=\"elementor-element elementor-element-6a5131d elementor-widget elementor-widget-text-editor\" data-id=\"6a5131d\" data-element_type=\"widget\" data-widget_type=\"text-editor.default\">\n\t\t\t\t\t\t\t\t\t<p data-start=\"997\" data-end=\"1323\">Le changement est un d\u00e9fi constant pour les organisations et leurs \u00e9quipes. L\u2019exp\u00e9rience d\u00e9montre que le r\u00f4le du manager est essentiel pour aider les \u00e9quipes \u00e0 s\u2019adapter avec succ\u00e8s. Cette formation montre comment les managers performants peuvent adopter une approche r\u00e9fl\u00e9chie pour pr\u00e9senter les changements et guider leurs \u00e9quipes lors de la mise en \u0153uvre.<\/p>\t\t\t\t\t\t\t\t<\/div>\n\t\t\t\t<div class=\"elementor-element elementor-element-c18bfe2 elementor-widget elementor-widget-text-editor\" data-id=\"c18bfe2\" data-element_type=\"widget\" data-widget_type=\"text-editor.default\">\n\t\t\t\t\t\t\t\t\t<p data-start=\"1325\" data-end=\"1555\">La r\u00e9ussite de la gestion du changement implique non seulement de g\u00e9rer le processus, mais aussi d\u2019accompagner les \u00e9motions suscit\u00e9es lorsque les \u00e9quipes font face au changement. Les r\u00e9actions peuvent aller de l\u2019enthousiasme \u00e0 l\u2019ambivalence, voire \u00e0 la r\u00e9sistance.<\/p><p data-start=\"1557\" data-end=\"1628\">Le cours explore diff\u00e9rentes approches que les managers peuvent utiliser pour :<\/p><ul data-start=\"1629\" data-end=\"1802\"><li data-start=\"1629\" data-end=\"1673\"><p data-start=\"1631\" data-end=\"1673\">Soutenir leurs \u00e9quipes dans la gestion des \u00e9motions<\/p><\/li><li data-start=\"1674\" data-end=\"1728\"><p data-start=\"1676\" data-end=\"1728\">Am\u00e9liorer la coh\u00e9sion des \u00e9quipes pendant les p\u00e9riodes de changement<\/p><\/li><li data-start=\"1729\" data-end=\"1802\"><p data-start=\"1731\" data-end=\"1802\">Motiver les collaborateurs \u00e0 canaliser leur \u00e9nergie vers de nouveaux d\u00e9fis<\/p><\/li><\/ul><p data-start=\"1804\" data-end=\"1927\">La formation vise \u00e0 aider les managers et leurs \u00e9quipes \u00e0 d\u00e9velopper collectivement une approche du changement \u00e0 la fois r\u00e9siliente et flexible.<\/p>\t\t\t\t\t\t\t\t<\/div>\n\t\t\t\t<\/div>\n\t\t\t\t\t<\/div>\n\t\t\t\t<\/div>\n\t\t<div class=\"elementor-element elementor-element-87765e4 e-flex e-con-boxed e-con e-parent\" data-id=\"87765e4\" data-element_type=\"container\">\n\t\t\t\t\t<div class=\"e-con-inner\">\n\t\t<div class=\"elementor-element elementor-element-86cfa35 e-con-full e-flex e-con e-child\" data-id=\"86cfa35\" data-element_type=\"container\" data-settings=\"{&quot;background_background&quot;:&quot;classic&quot;}\">\n\t\t\t\t<div class=\"elementor-element elementor-element-b744d16 elementor-widget elementor-widget-heading\" data-id=\"b744d16\" data-element_type=\"widget\" data-widget_type=\"heading.default\">\n\t\t\t\t\t<h2 class=\"elementor-heading-title elementor-size-default\">Pr\u00eat \u00e0 int\u00e9grer la gestion du changement dans votre pratique professionnelle ?\n<\/h2>\t\t\t\t<\/div>\n\t\t\t\t<div class=\"elementor-element elementor-element-8ffd017 elementor-widget elementor-widget-text-editor\" data-id=\"8ffd017\" data-element_type=\"widget\" data-widget_type=\"text-editor.default\">\n\t\t\t\t\t\t\t\t\t<p data-start=\"176\" data-end=\"380\">Que vous souhaitiez discuter d\u2019une formation personnalis\u00e9e, poser des questions, ou explorer comment ces m\u00e9thodes peuvent b\u00e9n\u00e9ficier \u00e0 votre \u00e9quipe, n\u2019h\u00e9sitez pas \u00e0 nous contacter.<\/p><p data-start=\"382\" data-end=\"485\">\u00a0<\/p>\t\t\t\t\t\t\t\t<\/div>\n\t\t\t\t<div class=\"elementor-element elementor-element-49dbf0e elementor-align-center elementor-widget elementor-widget-button\" data-id=\"49dbf0e\" data-element_type=\"widget\" data-widget_type=\"button.default\">\n\t\t\t\t\t\t\t\t\t\t<a class=\"elementor-button elementor-button-link elementor-size-sm\" href=\"https:\/\/ostlingtraining.co.uk\/fr\/contact-us\/\" target=\"_blank\" rel=\"nofollow\">\n\t\t\t\t\t\t<span class=\"elementor-button-content-wrapper\">\n\t\t\t\t\t\t\t\t\t<span class=\"elementor-button-text\">Contactez-nous<\/span>\n\t\t\t\t\t<\/span>\n\t\t\t\t\t<\/a>\n\t\t\t\t\t\t\t\t<\/div>\n\t\t\t\t<\/div>\n\t\t\t\t\t<\/div>\n\t\t\t\t<\/div>\n\t\t\t\t<\/div>","protected":false},"excerpt":{"rendered":"<p>Managing Change Course overview Managing Change is a one-day course designed to help managers and teams adapt effectively to organisational [&hellip;]<\/p>","protected":false},"author":1,"featured_media":0,"parent":0,"menu_order":0,"comment_status":"closed","ping_status":"closed","template":"elementor_header_footer","meta":{"site-sidebar-layout":"no-sidebar","site-content-layout":"","ast-site-content-layout":"full-width-container","site-content-style":"default","site-sidebar-style":"default","ast-global-header-display":"","ast-banner-title-visibility":"","ast-main-header-display":"","ast-hfb-above-header-display":"","ast-hfb-below-header-display":"","ast-hfb-mobile-header-display":"","site-post-title":"","ast-breadcrumbs-content":"","ast-featured-img":"disabled","footer-sml-layout":"","theme-transparent-header-meta":"","adv-header-id-meta":"","stick-header-meta":"","header-above-stick-meta":"","header-main-stick-meta":"","header-below-stick-meta":"","astra-migrate-meta-layouts":"default","ast-page-background-enabled":"default","ast-page-background-meta":{"desktop":{"background-color":"var(--ast-global-color-5)","background-image":"","background-repeat":"repeat","background-position":"center center","background-size":"auto","background-attachment":"scroll","background-type":"","background-media":"","overlay-type":"","overlay-color":"","overlay-opacity":"","overlay-gradient":""},"tablet":{"background-color":"","background-image":"","background-repeat":"repeat","background-position":"center center","background-size":"auto","background-attachment":"scroll","background-type":"","background-media":"","overlay-type":"","overlay-color":"","overlay-opacity":"","overlay-gradient":""},"mobile":{"background-color":"","background-image":"","background-repeat":"repeat","background-position":"center center","background-size":"auto","background-attachment":"scroll","background-type":"","background-media":"","overlay-type":"","overlay-color":"","overlay-opacity":"","overlay-gradient":""}},"ast-content-background-meta":{"desktop":{"background-color":"var(--ast-global-color-4)","background-image":"","background-repeat":"repeat","background-position":"center center","background-size":"auto","background-attachment":"scroll","background-type":"","background-media":"","overlay-type":"","overlay-color":"","overlay-opacity":"","overlay-gradient":""},"tablet":{"background-color":"var(--ast-global-color-4)","background-image":"","background-repeat":"repeat","background-position":"center center","background-size":"auto","background-attachment":"scroll","background-type":"","background-media":"","overlay-type":"","overlay-color":"","overlay-opacity":"","overlay-gradient":""},"mobile":{"background-color":"var(--ast-global-color-4)","background-image":"","background-repeat":"repeat","background-position":"center center","background-size":"auto","background-attachment":"scroll","background-type":"","background-media":"","overlay-type":"","overlay-color":"","overlay-opacity":"","overlay-gradient":""}},"footnotes":""},"class_list":["post-1284","page","type-page","status-publish","hentry"],"_links":{"self":[{"href":"https:\/\/ostlingtraining.co.uk\/fr\/wp-json\/wp\/v2\/pages\/1284","targetHints":{"allow":["GET"]}}],"collection":[{"href":"https:\/\/ostlingtraining.co.uk\/fr\/wp-json\/wp\/v2\/pages"}],"about":[{"href":"https:\/\/ostlingtraining.co.uk\/fr\/wp-json\/wp\/v2\/types\/page"}],"author":[{"embeddable":true,"href":"https:\/\/ostlingtraining.co.uk\/fr\/wp-json\/wp\/v2\/users\/1"}],"replies":[{"embeddable":true,"href":"https:\/\/ostlingtraining.co.uk\/fr\/wp-json\/wp\/v2\/comments?post=1284"}],"version-history":[{"count":22,"href":"https:\/\/ostlingtraining.co.uk\/fr\/wp-json\/wp\/v2\/pages\/1284\/revisions"}],"predecessor-version":[{"id":1513,"href":"https:\/\/ostlingtraining.co.uk\/fr\/wp-json\/wp\/v2\/pages\/1284\/revisions\/1513"}],"wp:attachment":[{"href":"https:\/\/ostlingtraining.co.uk\/fr\/wp-json\/wp\/v2\/media?parent=1284"}],"curies":[{"name":"wp","href":"https:\/\/api.w.org\/{rel}","templated":true}]}}